{"id":3035,"date":"2025-04-03T12:10:34","date_gmt":"2025-04-03T12:10:34","guid":{"rendered":"https:\/\/www.relationsdevoyages.com\/?post_type=product&#038;p=3035"},"modified":"2025-07-28T13:57:51","modified_gmt":"2025-07-28T11:57:51","slug":"archi-pelle-ortica","status":"publish","type":"product","link":"https:\/\/www.relationsdevoyages.com\/fr\/produit\/archi-pelle-ortica\/","title":{"rendered":"Archi\/pelle.ortie"},"content":{"rendered":"<p>ORTIE<\/p>\n<p style=\"text-align: justify;\" class=\"translation-block\">La fibre Ortie-Ramie r\u00e9siste \u00e0 la torsion et contrairement aux autres fibres, sa r\u00e9sistance augmente avec le temps. Le tissu lib\u00e8re la m\u00eame d\u00e9licatesse et la m\u00eame l\u00e9g\u00e8ret\u00e9 que la soie. La fibre longue, brillante, uniforme poss\u00e8de \u00e9galement des propri\u00e9t\u00e9s antistatiques.<\/p>\n<p style=\"text-align: justify;\" class=\"translation-block\">L\u2019ortie-ramie est aujourd\u2019hui une fibre recherch\u00e9e car elle est durable, la plante (Boehmeria nivea) est vertueuse, elle pousse spontan\u00e9ment sous diff\u00e9rentes latitudes ; contrairement au coton (plante tropicale), elle n\u2019a pas besoin d\u2019eau, d\u2019engrais et pesticides. Le tissu est 100% biod\u00e9gradable. Il a \u00e9t\u00e9 produit en Italie en utilisant des fils par traitement m\u00e9canique sans subir de processus chimique qui modifient sa structure.<\/p>\n<p style=\"text-align: justify;\">Il a \u00e9t\u00e9 produit en Italie en utilisant des fils par traitement m\u00e9canique sans subir de processus chimique qui modifient sa structure.<\/p>","protected":false},"excerpt":{"rendered":"<ul style=\"list-style-type: circle;\">\n<li>canotta (double) 100% tissu d'ortie made in Italy<\/li>\n<li>dimensions: 45\u00d737cm<\/li>\n<li>laver \u00e0 temp\u00e9rature inf\u00e9rieure \u00e0 30\u00b0, avec un d\u00e9tergent neutre et \u00e9cologique.<\/li>\n<\/ul>","protected":false},"featured_media":3040,"comment_status":"closed","ping_status":"closed","template":"","meta":{"_seopress_robots_primary_cat":"none","_seopress_titles_title":"","_seopress_titles_desc":"","_seopress_robots_index":""},"product_brand":[153],"product_cat":[52],"product_tag":[],"class_list":{"0":"post-3035","1":"product","2":"type-product","3":"status-publish","4":"has-post-thumbnail","6":"product_brand-relations-de-voyages","7":"product_cat-archi-pelle","9":"first","10":"instock","11":"sold-individually","12":"shipping-taxable","13":"purchasable","14":"product-type-simple"},"_links":{"self":[{"href":"https:\/\/www.relationsdevoyages.com\/fr\/wp-json\/wp\/v2\/product\/3035","targetHints":{"allow":["GET"]}}],"collection":[{"href":"https:\/\/www.relationsdevoyages.com\/fr\/wp-json\/wp\/v2\/product"}],"about":[{"href":"https:\/\/www.relationsdevoyages.com\/fr\/wp-json\/wp\/v2\/types\/product"}],"replies":[{"embeddable":true,"href":"https:\/\/www.relationsdevoyages.com\/fr\/wp-json\/wp\/v2\/comments?post=3035"}],"wp:featuredmedia":[{"embeddable":true,"href":"https:\/\/www.relationsdevoyages.com\/fr\/wp-json\/wp\/v2\/media\/3040"}],"wp:attachment":[{"href":"https:\/\/www.relationsdevoyages.com\/fr\/wp-json\/wp\/v2\/media?parent=3035"}],"wp:term":[{"taxonomy":"product_brand","embeddable":true,"href":"https:\/\/www.relationsdevoyages.com\/fr\/wp-json\/wp\/v2\/product_brand?post=3035"},{"taxonomy":"product_cat","embeddable":true,"href":"https:\/\/www.relationsdevoyages.com\/fr\/wp-json\/wp\/v2\/product_cat?post=3035"},{"taxonomy":"product_tag","embeddable":true,"href":"https:\/\/www.relationsdevoyages.com\/fr\/wp-json\/wp\/v2\/product_tag?post=3035"}],"curies":[{"name":"wp","href":"https:\/\/api.w.org\/{rel}","templated":true}]}}